{"id":2563,"date":"2025-06-04T13:35:41","date_gmt":"2025-06-04T13:35:41","guid":{"rendered":"https:\/\/happytur.org\/?page_id=2563"},"modified":"2026-04-01T15:05:05","modified_gmt":"2026-04-01T15:05:05","slug":"politicas-history-2","status":"publish","type":"page","link":"https:\/\/historytheshow.com\/de\/politicas-history-2\/","title":{"rendered":"POL\u00cdTICAS HISTORY"},"content":{"rendered":"<style>.elementor-2563 .elementor-element.elementor-element-03aee89 > .elementor-container{max-width:1200px;min-height:40vh;}.elementor-2563 .elementor-element.elementor-element-03aee89 > .elementor-container > .elementor-column > .elementor-widget-wrap{align-content:center;align-items:center;}.elementor-2563 .elementor-element.elementor-element-03aee89{margin-top:-8%;margin-bottom:0%;padding:0px 0px 0px 0px;}.elementor-2563 .elementor-element.elementor-element-662b3ca{text-align:center;}.elementor-2563 .elementor-element.elementor-element-662b3ca .elementor-heading-title{font-family:\"Montserrat\", Sans-serif;font-size:45px;color:var( --e-global-color-primary );}.elementor-2563 .elementor-element.elementor-element-662b3ca > .elementor-widget-container{padding:0px 0px 50px 0px;}.elementor-2563 .elementor-element.elementor-element-a7b9b2e > .elementor-container{max-width:1200px;}.elementor-2563 .elementor-element.elementor-element-a7b9b2e:not(.elementor-motion-effects-element-type-background), .elementor-2563 .elementor-element.elementor-element-a7b9b2e > .elementor-motion-effects-container > .elementor-motion-effects-layer{background-color:var( --e-global-color-secondary );}.elementor-2563 .elementor-element.elementor-element-a7b9b2e{border-style:solid;border-width:01px 0px 01px 0px;border-color:var( --e-global-color-85f149d );transition:background 0.3s, border 0.3s, border-radius 0.3s, box-shadow 0.3s;padding:50px 0px 50px 0px;}.elementor-2563 .elementor-element.elementor-element-a7b9b2e > .elementor-background-overlay{transition:background 0.3s, border-radius 0.3s, opacity 0.3s;}.elementor-2563 .elementor-element.elementor-element-b71e1aa > .elementor-element-populated{margin:0px 10px 0px 0px;--e-column-margin-right:10px;--e-column-margin-left:0px;}.elementor-2563 .elementor-element.elementor-element-b76ec32{text-align:justify;font-family:\"Montserrat\", Sans-serif;color:var( --e-global-color-text );}.elementor-2563 .elementor-element.elementor-element-b76ec32 > .elementor-widget-container{margin:0px 0px 0px 0px;padding:0px 0px 0px 0px;}.elementor-2563 .elementor-element.elementor-element-328661a .elementor-heading-title{font-family:\"Montserrat\", Sans-serif;font-size:30px;font-weight:600;color:var( --e-global-color-text );}.elementor-2563 .elementor-element.elementor-element-5245d30{text-align:justify;font-family:\"Montserrat\", Sans-serif;color:var( --e-global-color-text );}.elementor-2563 .elementor-element.elementor-element-5245d30 > .elementor-widget-container{margin:0px 0px 0px 0px;padding:0px 0px 0px 0px;}.elementor-2563 .elementor-element.elementor-element-6eae473 .elementor-heading-title{font-family:\"Montserrat\", Sans-serif;font-size:30px;font-weight:600;color:var( --e-global-color-text );}.elementor-2563 .elementor-element.elementor-element-7e8f458{text-align:justify;font-family:\"Montserrat\", Sans-serif;color:var( --e-global-color-text );}.elementor-2563 .elementor-element.elementor-element-7e8f458 > .elementor-widget-container{margin:0px 0px 0px 0px;padding:0px 0px 0px 0px;}.elementor-2563 .elementor-element.elementor-element-d7bfa63 .elementor-heading-title{font-family:\"Montserrat\", Sans-serif;font-size:30px;font-weight:600;color:var( --e-global-color-text );}.elementor-2563 .elementor-element.elementor-element-951e62f{text-align:justify;font-family:\"Montserrat\", Sans-serif;color:var( --e-global-color-text );}.elementor-2563 .elementor-element.elementor-element-951e62f > .elementor-widget-container{margin:0px 0px 0px 0px;padding:0px 0px 0px 0px;}.elementor-2563 .elementor-element.elementor-element-291fc45 .elementor-heading-title{font-family:\"Montserrat\", Sans-serif;font-size:30px;font-weight:600;color:var( --e-global-color-text );}.elementor-2563 .elementor-element.elementor-element-18d2794{text-align:justify;font-family:\"Montserrat\", Sans-serif;color:var( --e-global-color-text );}.elementor-2563 .elementor-element.elementor-element-18d2794 > .elementor-widget-container{margin:0px 0px 0px 0px;padding:0px 0px 0px 0px;}.elementor-2563 .elementor-element.elementor-element-23e73e7 .elementor-heading-title{font-family:\"Montserrat\", Sans-serif;font-size:30px;font-weight:600;color:var( --e-global-color-text );}.elementor-2563 .elementor-element.elementor-element-c977929{text-align:justify;font-family:\"Montserrat\", Sans-serif;color:var( --e-global-color-text );}.elementor-2563 .elementor-element.elementor-element-c977929 > .elementor-widget-container{margin:0px 0px 0px 0px;padding:0px 0px 0px 0px;}.elementor-2563 .elementor-element.elementor-element-6c774f7 .elementor-heading-title{font-family:\"Montserrat\", Sans-serif;font-size:30px;font-weight:600;color:var( --e-global-color-text );}.elementor-2563 .elementor-element.elementor-element-519fb0c{text-align:justify;font-family:\"Montserrat\", Sans-serif;color:var( --e-global-color-text );}.elementor-2563 .elementor-element.elementor-element-519fb0c > .elementor-widget-container{margin:0px 0px 0px 0px;padding:0px 0px 0px 0px;}.elementor-2563 .elementor-element.elementor-element-2c4cc55 .elementor-heading-title{font-family:\"Montserrat\", Sans-serif;font-size:30px;font-weight:600;color:var( --e-global-color-text );}.elementor-2563 .elementor-element.elementor-element-660378f{text-align:justify;font-family:\"Montserrat\", Sans-serif;color:var( --e-global-color-text );}.elementor-2563 .elementor-element.elementor-element-660378f > .elementor-widget-container{margin:0px 0px 0px 0px;padding:0px 0px 0px 0px;}:root{--page-title-display:none;}@media(max-width:1024px) and (min-width:768px){.elementor-2563 .elementor-element.elementor-element-b71e1aa{width:100%;}}@media(max-width:1024px){.elementor-2563 .elementor-element.elementor-element-03aee89{margin-top:-11%;margin-bottom:0%;padding:0% 0% 0% 0%;}.elementor-2563 .elementor-element.elementor-element-a7b9b2e{padding:50px 25px 50px 025px;}.elementor-2563 .elementor-element.elementor-element-b71e1aa > .elementor-element-populated{margin:0px 0px 0px 0px;--e-column-margin-right:0px;--e-column-margin-left:0px;}.elementor-2563 .elementor-element.elementor-element-328661a .elementor-heading-title{font-size:28px;}.elementor-2563 .elementor-element.elementor-element-6eae473 .elementor-heading-title{font-size:28px;}.elementor-2563 .elementor-element.elementor-element-d7bfa63 .elementor-heading-title{font-size:28px;}.elementor-2563 .elementor-element.elementor-element-291fc45 .elementor-heading-title{font-size:28px;}.elementor-2563 .elementor-element.elementor-element-23e73e7 .elementor-heading-title{font-size:28px;}.elementor-2563 .elementor-element.elementor-element-6c774f7 .elementor-heading-title{font-size:28px;}.elementor-2563 .elementor-element.elementor-element-2c4cc55 .elementor-heading-title{font-size:28px;}}@media(max-width:767px){.elementor-2563 .elementor-element.elementor-element-03aee89 > .elementor-container{min-height:35vh;}.elementor-2563 .elementor-element.elementor-element-03aee89{margin-top:-16%;margin-bottom:0%;padding:0% 0% 0% 0%;}.elementor-2563 .elementor-element.elementor-element-4d9e095 > .elementor-element-populated{margin:0px 0px 0px 0px;--e-column-margin-right:0px;--e-column-margin-left:0px;padding:0px 0px 0px 0px;}.elementor-2563 .elementor-element.elementor-element-662b3ca .elementor-heading-title{font-size:30px;}.elementor-2563 .elementor-element.elementor-element-662b3ca > .elementor-widget-container{margin:0px 0px 0px 0px;padding:0px 0px 50px 0px;}.elementor-2563 .elementor-element.elementor-element-a7b9b2e{padding:50px 0px 50px 0px;}.elementor-2563 .elementor-element.elementor-element-b71e1aa > .elementor-element-populated{margin:0px 15px 0px 15px;--e-column-margin-right:15px;--e-column-margin-left:15px;}.elementor-2563 .elementor-element.elementor-element-b76ec32 > .elementor-widget-container{margin:0px 0px -15px 0px;}.elementor-2563 .elementor-element.elementor-element-328661a .elementor-heading-title{font-size:20px;}.elementor-2563 .elementor-element.elementor-element-5245d30 > .elementor-widget-container{margin:0px 0px -15px 0px;}.elementor-2563 .elementor-element.elementor-element-6eae473 .elementor-heading-title{font-size:20px;}.elementor-2563 .elementor-element.elementor-element-7e8f458 > .elementor-widget-container{margin:0px 0px -15px 0px;}.elementor-2563 .elementor-element.elementor-element-d7bfa63 .elementor-heading-title{font-size:20px;}.elementor-2563 .elementor-element.elementor-element-951e62f > .elementor-widget-container{margin:0px 0px -15px 0px;}.elementor-2563 .elementor-element.elementor-element-291fc45 .elementor-heading-title{font-size:20px;}.elementor-2563 .elementor-element.elementor-element-18d2794 > .elementor-widget-container{margin:0px 0px -15px 0px;}.elementor-2563 .elementor-element.elementor-element-23e73e7 .elementor-heading-title{font-size:20px;}.elementor-2563 .elementor-element.elementor-element-c977929 > .elementor-widget-container{margin:0px 0px -15px 0px;}.elementor-2563 .elementor-element.elementor-element-6c774f7 .elementor-heading-title{font-size:20px;}.elementor-2563 .elementor-element.elementor-element-519fb0c > .elementor-widget-container{margin:0px 0px -15px 0px;}.elementor-2563 .elementor-element.elementor-element-2c4cc55 .elementor-heading-title{font-size:20px;}.elementor-2563 .elementor-element.elementor-element-660378f > .elementor-widget-container{margin:0px 0px -15px 0px;}}<\/style>\t\t<div data-elementor-type=\"wp-page\" data-elementor-id=\"2563\" class=\"elementor elementor-2563\" data-elementor-post-type=\"page\">\n\t\t\t\t\t\t<section class=\"elementor-section elementor-top-section elementor-element elementor-element-03aee89 elementor-section-content-middle elementor-section-height-min-height elementor-section-items-bottom elementor-section-boxed elementor-section-height-default\" data-id=\"03aee89\" data-element_type=\"section\" data-e-type=\"section\">\n\t\t\t\t\t\t<div class=\"elementor-container elementor-column-gap-default\">\n\t\t\t\t\t<div class=\"elementor-column elementor-col-100 elementor-top-column elementor-element elementor-element-4d9e095\" data-id=\"4d9e095\" data-element_type=\"column\" data-e-type=\"column\">\n\t\t\t<div class=\"elementor-widget-wrap elementor-element-populated\">\n\t\t\t\t\t\t<div class=\"elementor-element elementor-element-662b3ca elementor-widget elementor-widget-heading\" data-id=\"662b3ca\" data-element_type=\"widget\" data-e-type=\"widget\" data-widget_type=\"heading.default\">\n\t\t\t\t<div class=\"elementor-widget-container\">\n\t\t\t\t\t<h2 class=\"elementor-heading-title elementor-size-default\">DATENSCHUTZRICHTLINIEN<\/h2>\t\t\t\t<\/div>\n\t\t\t\t<\/div>\n\t\t\t\t\t<\/div>\n\t\t<\/div>\n\t\t\t\t\t<\/div>\n\t\t<\/section>\n\t\t\t\t<section class=\"elementor-section elementor-top-section elementor-element elementor-element-a7b9b2e elementor-reverse-tablet elementor-reverse-mobile elementor-section-boxed elementor-section-height-default elementor-section-height-default\" data-id=\"a7b9b2e\" data-element_type=\"section\" data-e-type=\"section\" data-settings=\"{&quot;background_background&quot;:&quot;classic&quot;}\">\n\t\t\t\t\t\t<div class=\"elementor-container elementor-column-gap-default\">\n\t\t\t\t\t<div class=\"elementor-column elementor-col-100 elementor-top-column elementor-element elementor-element-b71e1aa\" data-id=\"b71e1aa\" data-element_type=\"column\" data-e-type=\"column\">\n\t\t\t<div class=\"elementor-widget-wrap elementor-element-populated\">\n\t\t\t\t\t\t<div class=\"elementor-element elementor-element-b76ec32 elementor-widget elementor-widget-text-editor\" data-id=\"b76ec32\" data-element_type=\"widget\" data-e-type=\"widget\" data-widget_type=\"text-editor.default\">\n\t\t\t\t<div class=\"elementor-widget-container\">\n\t\t\t\t\t\t\t\t\t<p>Die Website <a href=\"http:\/\/www.historytheshow.con\/\" target=\"_blank\" rel=\"noopener\">www.historytheshow.con<\/a>\u00a0ist Eigentum von HAPPYTUR SERVICIOS TURISTICOS, S.L. Wir haben diese Datenschutzrichtlinie angenommen, die festlegt, wie wir die von www.historytheshow.com gesammelten Informationen verarbeiten, und die auch die Gr\u00fcnde nennt, warum wir bestimmte pers\u00f6nliche Daten \u00fcber Sie sammeln sollten. Sie sollten daher diese Datenschutzrichtlinie lesen, bevor Sie die Website www.historytheshow.com nutzen.<\/p><p>Wir gehen sorgsam mit Ihren pers\u00f6nlichen Daten um und verpflichten uns, deren Vertraulichkeit und Sicherheit zu gew\u00e4hrleisten.<\/p>\t\t\t\t\t\t\t\t<\/div>\n\t\t\t\t<\/div>\n\t\t\t\t<div class=\"elementor-element elementor-element-328661a elementor-widget elementor-widget-heading\" data-id=\"328661a\" data-element_type=\"widget\" data-e-type=\"widget\" data-widget_type=\"heading.default\">\n\t\t\t\t<div class=\"elementor-widget-container\">\n\t\t\t\t\t<h3 class=\"elementor-heading-title elementor-size-default\">PERS\u00d6NLICHE INFORMATIONEN, DIE WIR SAMMELN<\/h3>\t\t\t\t<\/div>\n\t\t\t\t<\/div>\n\t\t\t\t<div class=\"elementor-element elementor-element-5245d30 elementor-widget elementor-widget-text-editor\" data-id=\"5245d30\" data-element_type=\"widget\" data-e-type=\"widget\" data-widget_type=\"text-editor.default\">\n\t\t\t\t<div class=\"elementor-widget-container\">\n\t\t\t\t\t\t\t\t\t<p>Wenn Sie www.historytheshow.com besuchen, erfassen wir automatisch bestimmte Informationen \u00fcber Ihr Ger\u00e4t, einschlie\u00dflich Informationen \u00fcber Ihren Webbrowser, Ihre IP-Adresse, Ihre Zeitzone und einige der auf Ihrem Ger\u00e4t installierten Cookies. Dar\u00fcber hinaus erfassen wir beim Surfen Informationen \u00fcber die einzelnen Webseiten oder Produkte, die Sie sich ansehen, welche Websites oder Suchbegriffe Sie auf die Website verwiesen haben und wie Sie interagieren. Wir bezeichnen diese automatisch erfassten Informationen als \"Ger\u00e4teinformationen\". Dar\u00fcber hinaus k\u00f6nnen wir pers\u00f6nliche Daten erfassen, die Sie uns bei der Registrierung zur Verf\u00fcgung stellen (einschlie\u00dflich, aber nicht beschr\u00e4nkt auf Vorname, Nachname, Adresse, Zahlungsinformationen usw.), um die Vereinbarung einzuhalten.<\/p>\t\t\t\t\t\t\t\t<\/div>\n\t\t\t\t<\/div>\n\t\t\t\t<div class=\"elementor-element elementor-element-6eae473 elementor-widget elementor-widget-heading\" data-id=\"6eae473\" data-element_type=\"widget\" data-e-type=\"widget\" data-widget_type=\"heading.default\">\n\t\t\t\t<div class=\"elementor-widget-container\">\n\t\t\t\t\t<h3 class=\"elementor-heading-title elementor-size-default\">WARUM VERARBEITEN WIR IHRE DATEN?<\/h3>\t\t\t\t<\/div>\n\t\t\t\t<\/div>\n\t\t\t\t<div class=\"elementor-element elementor-element-7e8f458 elementor-widget elementor-widget-text-editor\" data-id=\"7e8f458\" data-element_type=\"widget\" data-e-type=\"widget\" data-widget_type=\"text-editor.default\">\n\t\t\t\t<div class=\"elementor-widget-container\">\n\t\t\t\t\t\t\t\t\t<p>Die Sicherheit der Kundendaten hat f\u00fcr uns oberste Priorit\u00e4t. Daher k\u00f6nnen wir nur minimale Nutzerdaten verarbeiten, und zwar nur in dem Umfang, der f\u00fcr die Aufrechterhaltung der Website unbedingt erforderlich ist. Automatisch gesammelte Informationen werden nur verwendet, um potenzielle Missbrauchsf\u00e4lle zu identifizieren und um statistische Informationen \u00fcber die Nutzung der Website zu erstellen. Diese statistischen Informationen werden nicht so zusammengefasst, dass ein bestimmter Nutzer des Systems identifiziert werden kann.<\/p><p>Sie k\u00f6nnen die Website besuchen, ohne uns mitzuteilen, wer Sie sind, oder Informationen preiszugeben, anhand derer man Sie als eine bestimmte Person identifizieren kann. Wenn Sie jedoch einige Funktionen der Website nutzen, unseren Newsletter erhalten oder andere Angaben in einem Formular machen m\u00f6chten, k\u00f6nnen Sie uns personenbezogene Daten wie Ihre E-Mail-Adresse, Ihren Vornamen, Ihren Nachnamen, Ihren Wohnort, Ihre Organisation und Ihre Telefonnummer mitteilen. Sie k\u00f6nnen sich daf\u00fcr entscheiden, uns Ihre pers\u00f6nlichen Daten nicht mitzuteilen, aber dann k\u00f6nnen Sie m\u00f6glicherweise einige Funktionen der Website nicht nutzen. So k\u00f6nnen Sie zum Beispiel unseren Newsletter nicht erhalten oder uns direkt \u00fcber die Website kontaktieren. Benutzer, die nicht sicher sind, welche Informationen erforderlich sind, k\u00f6nnen uns unter info@historytheshow.com kontaktieren.<\/p>\t\t\t\t\t\t\t\t<\/div>\n\t\t\t\t<\/div>\n\t\t\t\t<div class=\"elementor-element elementor-element-d7bfa63 elementor-widget elementor-widget-heading\" data-id=\"d7bfa63\" data-element_type=\"widget\" data-e-type=\"widget\" data-widget_type=\"heading.default\">\n\t\t\t\t<div class=\"elementor-widget-container\">\n\t\t\t\t\t<h3 class=\"elementor-heading-title elementor-size-default\">IHRE RECHTE<\/h3>\t\t\t\t<\/div>\n\t\t\t\t<\/div>\n\t\t\t\t<div class=\"elementor-element elementor-element-951e62f elementor-widget elementor-widget-text-editor\" data-id=\"951e62f\" data-element_type=\"widget\" data-e-type=\"widget\" data-widget_type=\"text-editor.default\">\n\t\t\t\t<div class=\"elementor-widget-container\">\n\t\t\t\t\t\t\t\t\t<p>Wenn Sie in Europa ans\u00e4ssig sind, haben Sie die folgenden Rechte in Bezug auf Ihre personenbezogenen Daten:<\/p><ul><li>Das Recht, informiert zu werden.<\/li><li>Das Recht auf Zugang.<\/li><li>Das Recht auf Berichtigung.<\/li><li>Das Recht auf L\u00f6schung.<\/li><li>Das Recht, die Strafverfolgung einzuschr\u00e4nken.<\/li><li>Das Recht auf Daten\u00fcbertragbarkeit.<\/li><li>Das Recht auf Widerspruch.<\/li><li>Rechte im Zusammenhang mit der automatisierten Entscheidungsfindung und dem Profiling.<\/li><\/ul><p>Wenn Sie von diesem Recht Gebrauch machen m\u00f6chten, setzen Sie sich bitte mit uns in Verbindung, indem Sie die nachstehenden Kontaktinformationen verwenden.<\/p><p>Wenn Sie in Europa ans\u00e4ssig sind, weisen wir darauf hin, dass wir Ihre Daten zur Erf\u00fcllung von Vertr\u00e4gen verarbeiten, die wir mit Ihnen geschlossen haben (z. B. wenn Sie eine Bestellung \u00fcber die Website aufgeben), oder zur Verfolgung unserer oben aufgef\u00fchrten legitimen Gesch\u00e4ftsinteressen. Bitte beachten Sie au\u00dferdem, dass Ihre Daten au\u00dferhalb Europas, einschlie\u00dflich Kanada und den Vereinigten Staaten, \u00fcbermittelt werden k\u00f6nnen.<\/p>\t\t\t\t\t\t\t\t<\/div>\n\t\t\t\t<\/div>\n\t\t\t\t<div class=\"elementor-element elementor-element-291fc45 elementor-widget elementor-widget-heading\" data-id=\"291fc45\" data-element_type=\"widget\" data-e-type=\"widget\" data-widget_type=\"heading.default\">\n\t\t\t\t<div class=\"elementor-widget-container\">\n\t\t\t\t\t<h3 class=\"elementor-heading-title elementor-size-default\">LINKS ZU ANDEREN WEBSITES<\/h3>\t\t\t\t<\/div>\n\t\t\t\t<\/div>\n\t\t\t\t<div class=\"elementor-element elementor-element-18d2794 elementor-widget elementor-widget-text-editor\" data-id=\"18d2794\" data-element_type=\"widget\" data-e-type=\"widget\" data-widget_type=\"text-editor.default\">\n\t\t\t\t<div class=\"elementor-widget-container\">\n\t\t\t\t\t\t\t\t\t<p>Unsere Website kann Links zu anderen Websites enthalten, die sich nicht in unserem Besitz befinden oder von uns kontrolliert werden. Bitte beachten Sie, dass wir nicht f\u00fcr die Datenschutzpraktiken oder die Datenschutzpraktiken dieser anderen Websites verantwortlich sind. Wir empfehlen Ihnen, darauf zu achten, wenn Sie unsere Website verlassen, und die Datenschutzerkl\u00e4rungen jeder einzelnen Website zu lesen, die m\u00f6glicherweise personenbezogene Daten erhebt.<\/p>\t\t\t\t\t\t\t\t<\/div>\n\t\t\t\t<\/div>\n\t\t\t\t<div class=\"elementor-element elementor-element-23e73e7 elementor-widget elementor-widget-heading\" data-id=\"23e73e7\" data-element_type=\"widget\" data-e-type=\"widget\" data-widget_type=\"heading.default\">\n\t\t\t\t<div class=\"elementor-widget-container\">\n\t\t\t\t\t<h3 class=\"elementor-heading-title elementor-size-default\">INFORMATIONSSICHERHEIT<\/h3>\t\t\t\t<\/div>\n\t\t\t\t<\/div>\n\t\t\t\t<div class=\"elementor-element elementor-element-c977929 elementor-widget elementor-widget-text-editor\" data-id=\"c977929\" data-element_type=\"widget\" data-e-type=\"widget\" data-widget_type=\"text-editor.default\">\n\t\t\t\t<div class=\"elementor-widget-container\">\n\t\t\t\t\t\t\t\t\t<p>Wir sichern die von Ihnen zur Verf\u00fcgung gestellten Informationen auf Computerservern in einer kontrollierten, sicheren Umgebung, die vor unbefugtem Zugriff, Verwendung oder Offenlegung gesch\u00fctzt ist. Wir treffen angemessene verwaltungstechnische, technische und physische Sicherheitsvorkehrungen, um den unbefugten Zugang, die unbefugte Nutzung, \u00c4nderung und Weitergabe der von Ihnen kontrollierten und verwahrten personenbezogenen Daten zu verhindern. Die \u00dcbertragung von Daten \u00fcber das Internet oder drahtlose Netze kann jedoch nicht garantiert werden.<\/p>\t\t\t\t\t\t\t\t<\/div>\n\t\t\t\t<\/div>\n\t\t\t\t<div class=\"elementor-element elementor-element-6c774f7 elementor-widget elementor-widget-heading\" data-id=\"6c774f7\" data-element_type=\"widget\" data-e-type=\"widget\" data-widget_type=\"heading.default\">\n\t\t\t\t<div class=\"elementor-widget-container\">\n\t\t\t\t\t<h3 class=\"elementor-heading-title elementor-size-default\">RECHTLICHE OFFENLEGUNG<\/h3>\t\t\t\t<\/div>\n\t\t\t\t<\/div>\n\t\t\t\t<div class=\"elementor-element elementor-element-519fb0c elementor-widget elementor-widget-text-editor\" data-id=\"519fb0c\" data-element_type=\"widget\" data-e-type=\"widget\" data-widget_type=\"text-editor.default\">\n\t\t\t\t<div class=\"elementor-widget-container\">\n\t\t\t\t\t\t\t\t\t<p>Wir werden alle Informationen, die wir sammeln, verwenden oder erhalten, offenlegen, wenn dies gesetzlich vorgeschrieben oder erlaubt ist, z. B. um einer Vorladung oder einem \u00e4hnlichen rechtlichen Verfahren nachzukommen, und wenn wir in gutem Glauben davon ausgehen, dass die Offenlegung notwendig ist, um unsere Rechte zu sch\u00fctzen, Ihre Sicherheit oder die Sicherheit anderer zu sch\u00fctzen, Betrug zu untersuchen oder auf eine beh\u00f6rdliche Anfrage zu reagieren.<\/p>\t\t\t\t\t\t\t\t<\/div>\n\t\t\t\t<\/div>\n\t\t\t\t<div class=\"elementor-element elementor-element-2c4cc55 elementor-widget elementor-widget-heading\" data-id=\"2c4cc55\" data-element_type=\"widget\" data-e-type=\"widget\" data-widget_type=\"heading.default\">\n\t\t\t\t<div class=\"elementor-widget-container\">\n\t\t\t\t\t<h3 class=\"elementor-heading-title elementor-size-default\">KONTAKTINFORMATIONEN<\/h3>\t\t\t\t<\/div>\n\t\t\t\t<\/div>\n\t\t\t\t<div class=\"elementor-element elementor-element-660378f elementor-widget elementor-widget-text-editor\" data-id=\"660378f\" data-element_type=\"widget\" data-e-type=\"widget\" data-widget_type=\"text-editor.default\">\n\t\t\t\t<div class=\"elementor-widget-container\">\n\t\t\t\t\t\t\t\t\t<p>Wenn Sie sich mit uns in Verbindung setzen m\u00f6chten, um mehr \u00fcber diese Richtlinie zu erfahren, oder wenn Sie mit uns in Bezug auf Fragen zu individuellen Rechten und Ihren pers\u00f6nlichen Daten kommunizieren m\u00f6chten, k\u00f6nnen Sie uns eine E-Mail an info@historytheshow.com senden.<\/p>\t\t\t\t\t\t\t\t<\/div>\n\t\t\t\t<\/div>\n\t\t\t\t\t<\/div>\n\t\t<\/div>\n\t\t\t\t\t<\/div>\n\t\t<\/section>\n\t\t\t\t<\/div>","protected":false},"excerpt":{"rendered":"<p>POL\u00cdTICAS DE PRIVACIDAD El sitio web www.historytheshow.con\u00a0es propiedad de HAPPYTUR SERVICIOS TURISTICOS, S.L.\u00a0Hemos adoptado esta Pol\u00edtica de privacidad, que determina [&hellip;]<\/p>\n","protected":false},"author":2,"featured_media":0,"parent":0,"menu_order":0,"comment_status":"closed","ping_status":"closed","template":"","meta":{"_eb_attr":"","site-sidebar-layout":"no-sidebar","site-content-layout":"","ast-site-content-layout":"full-width-container","site-content-style":"default","site-sidebar-style":"default","ast-global-header-display":"","ast-banner-title-visibility":"","ast-main-header-display":"","ast-hfb-above-header-display":"","ast-hfb-below-header-display":"","ast-hfb-mobile-header-display":"","site-post-title":"disabled","ast-breadcrumbs-content":"","ast-featured-img":"disabled","footer-sml-layout":"","ast-disable-related-posts":"","theme-transparent-header-meta":"","adv-header-id-meta":"","stick-header-meta":"","header-above-stick-meta":"","header-main-stick-meta":"","header-below-stick-meta":"","astra-migrate-meta-layouts":"default","ast-page-background-enabled":"default","ast-page-background-meta":{"desktop":{"background-color":"var(--ast-global-color-5)","background-image":"","background-repeat":"repeat","background-position":"center center","background-size":"auto","background-attachment":"scroll","background-type":"","background-media":"","overlay-type":"","overlay-color":"","overlay-opacity":"","overlay-gradient":""},"tablet":{"background-color":"","background-image":"","background-repeat":"repeat","background-position":"center center","background-size":"auto","background-attachment":"scroll","background-type":"","background-media":"","overlay-type":"","overlay-color":"","overlay-opacity":"","overlay-gradient":""},"mobile":{"background-color":"","background-image":"","background-repeat":"repeat","background-position":"center center","background-size":"auto","background-attachment":"scroll","background-type":"","background-media":"","overlay-type":"","overlay-color":"","overlay-opacity":"","overlay-gradient":""}},"ast-content-background-meta":{"desktop":{"background-color":"var(--ast-global-color-4)","background-image":"","background-repeat":"repeat","background-position":"center center","background-size":"auto","background-attachment":"scroll","background-type":"","background-media":"","overlay-type":"","overlay-color":"","overlay-opacity":"","overlay-gradient":""},"tablet":{"background-color":"var(--ast-global-color-4)","background-image":"","background-repeat":"repeat","background-position":"center center","background-size":"auto","background-attachment":"scroll","background-type":"","background-media":"","overlay-type":"","overlay-color":"","overlay-opacity":"","overlay-gradient":""},"mobile":{"background-color":"var(--ast-global-color-4)","background-image":"","background-repeat":"repeat","background-position":"center center","background-size":"auto","background-attachment":"scroll","background-type":"","background-media":"","overlay-type":"","overlay-color":"","overlay-opacity":"","overlay-gradient":""}},"footnotes":""},"class_list":["post-2563","page","type-page","status-publish","hentry"],"_links":{"self":[{"href":"https:\/\/historytheshow.com\/de\/wp-json\/wp\/v2\/pages\/2563","targetHints":{"allow":["GET"]}}],"collection":[{"href":"https:\/\/historytheshow.com\/de\/wp-json\/wp\/v2\/pages"}],"about":[{"href":"https:\/\/historytheshow.com\/de\/wp-json\/wp\/v2\/types\/page"}],"author":[{"embeddable":true,"href":"https:\/\/historytheshow.com\/de\/wp-json\/wp\/v2\/users\/2"}],"replies":[{"embeddable":true,"href":"https:\/\/historytheshow.com\/de\/wp-json\/wp\/v2\/comments?post=2563"}],"version-history":[{"count":10,"href":"https:\/\/historytheshow.com\/de\/wp-json\/wp\/v2\/pages\/2563\/revisions"}],"predecessor-version":[{"id":4090,"href":"https:\/\/historytheshow.com\/de\/wp-json\/wp\/v2\/pages\/2563\/revisions\/4090"}],"wp:attachment":[{"href":"https:\/\/historytheshow.com\/de\/wp-json\/wp\/v2\/media?parent=2563"}],"curies":[{"name":"wp","href":"https:\/\/api.w.org\/{rel}","templated":true}]}}