{"id":2563,"date":"2025-06-04T13:35:41","date_gmt":"2025-06-04T13:35:41","guid":{"rendered":"https:\/\/happytur.org\/?page_id=2563"},"modified":"2026-04-01T15:05:05","modified_gmt":"2026-04-01T15:05:05","slug":"politicas-history-2","status":"publish","type":"page","link":"https:\/\/historytheshow.com\/it\/politicas-history-2\/","title":{"rendered":"POL\u00cdTICAS HISTORY"},"content":{"rendered":"<style>.elementor-2563 .elementor-element.elementor-element-03aee89 > .elementor-container{max-width:1200px;min-height:40vh;}.elementor-2563 .elementor-element.elementor-element-03aee89 > .elementor-container > .elementor-column > .elementor-widget-wrap{align-content:center;align-items:center;}.elementor-2563 .elementor-element.elementor-element-03aee89{margin-top:-8%;margin-bottom:0%;padding:0px 0px 0px 0px;}.elementor-2563 .elementor-element.elementor-element-662b3ca{text-align:center;}.elementor-2563 .elementor-element.elementor-element-662b3ca .elementor-heading-title{font-family:\"Montserrat\", Sans-serif;font-size:45px;color:var( --e-global-color-primary );}.elementor-2563 .elementor-element.elementor-element-662b3ca > .elementor-widget-container{padding:0px 0px 50px 0px;}.elementor-2563 .elementor-element.elementor-element-a7b9b2e > .elementor-container{max-width:1200px;}.elementor-2563 .elementor-element.elementor-element-a7b9b2e:not(.elementor-motion-effects-element-type-background), .elementor-2563 .elementor-element.elementor-element-a7b9b2e > .elementor-motion-effects-container > .elementor-motion-effects-layer{background-color:var( --e-global-color-secondary );}.elementor-2563 .elementor-element.elementor-element-a7b9b2e{border-style:solid;border-width:01px 0px 01px 0px;border-color:var( --e-global-color-85f149d );transition:background 0.3s, border 0.3s, border-radius 0.3s, box-shadow 0.3s;padding:50px 0px 50px 0px;}.elementor-2563 .elementor-element.elementor-element-a7b9b2e > .elementor-background-overlay{transition:background 0.3s, border-radius 0.3s, opacity 0.3s;}.elementor-2563 .elementor-element.elementor-element-b71e1aa > .elementor-element-populated{margin:0px 10px 0px 0px;--e-column-margin-right:10px;--e-column-margin-left:0px;}.elementor-2563 .elementor-element.elementor-element-b76ec32{text-align:justify;font-family:\"Montserrat\", Sans-serif;color:var( --e-global-color-text );}.elementor-2563 .elementor-element.elementor-element-b76ec32 > .elementor-widget-container{margin:0px 0px 0px 0px;padding:0px 0px 0px 0px;}.elementor-2563 .elementor-element.elementor-element-328661a .elementor-heading-title{font-family:\"Montserrat\", Sans-serif;font-size:30px;font-weight:600;color:var( --e-global-color-text );}.elementor-2563 .elementor-element.elementor-element-5245d30{text-align:justify;font-family:\"Montserrat\", Sans-serif;color:var( --e-global-color-text );}.elementor-2563 .elementor-element.elementor-element-5245d30 > .elementor-widget-container{margin:0px 0px 0px 0px;padding:0px 0px 0px 0px;}.elementor-2563 .elementor-element.elementor-element-6eae473 .elementor-heading-title{font-family:\"Montserrat\", Sans-serif;font-size:30px;font-weight:600;color:var( --e-global-color-text );}.elementor-2563 .elementor-element.elementor-element-7e8f458{text-align:justify;font-family:\"Montserrat\", Sans-serif;color:var( --e-global-color-text );}.elementor-2563 .elementor-element.elementor-element-7e8f458 > .elementor-widget-container{margin:0px 0px 0px 0px;padding:0px 0px 0px 0px;}.elementor-2563 .elementor-element.elementor-element-d7bfa63 .elementor-heading-title{font-family:\"Montserrat\", Sans-serif;font-size:30px;font-weight:600;color:var( --e-global-color-text );}.elementor-2563 .elementor-element.elementor-element-951e62f{text-align:justify;font-family:\"Montserrat\", Sans-serif;color:var( --e-global-color-text );}.elementor-2563 .elementor-element.elementor-element-951e62f > .elementor-widget-container{margin:0px 0px 0px 0px;padding:0px 0px 0px 0px;}.elementor-2563 .elementor-element.elementor-element-291fc45 .elementor-heading-title{font-family:\"Montserrat\", Sans-serif;font-size:30px;font-weight:600;color:var( --e-global-color-text );}.elementor-2563 .elementor-element.elementor-element-18d2794{text-align:justify;font-family:\"Montserrat\", Sans-serif;color:var( --e-global-color-text );}.elementor-2563 .elementor-element.elementor-element-18d2794 > .elementor-widget-container{margin:0px 0px 0px 0px;padding:0px 0px 0px 0px;}.elementor-2563 .elementor-element.elementor-element-23e73e7 .elementor-heading-title{font-family:\"Montserrat\", Sans-serif;font-size:30px;font-weight:600;color:var( --e-global-color-text );}.elementor-2563 .elementor-element.elementor-element-c977929{text-align:justify;font-family:\"Montserrat\", Sans-serif;color:var( --e-global-color-text );}.elementor-2563 .elementor-element.elementor-element-c977929 > .elementor-widget-container{margin:0px 0px 0px 0px;padding:0px 0px 0px 0px;}.elementor-2563 .elementor-element.elementor-element-6c774f7 .elementor-heading-title{font-family:\"Montserrat\", Sans-serif;font-size:30px;font-weight:600;color:var( --e-global-color-text );}.elementor-2563 .elementor-element.elementor-element-519fb0c{text-align:justify;font-family:\"Montserrat\", Sans-serif;color:var( --e-global-color-text );}.elementor-2563 .elementor-element.elementor-element-519fb0c > .elementor-widget-container{margin:0px 0px 0px 0px;padding:0px 0px 0px 0px;}.elementor-2563 .elementor-element.elementor-element-2c4cc55 .elementor-heading-title{font-family:\"Montserrat\", Sans-serif;font-size:30px;font-weight:600;color:var( --e-global-color-text );}.elementor-2563 .elementor-element.elementor-element-660378f{text-align:justify;font-family:\"Montserrat\", Sans-serif;color:var( --e-global-color-text );}.elementor-2563 .elementor-element.elementor-element-660378f > .elementor-widget-container{margin:0px 0px 0px 0px;padding:0px 0px 0px 0px;}:root{--page-title-display:none;}@media(max-width:1024px) and (min-width:768px){.elementor-2563 .elementor-element.elementor-element-b71e1aa{width:100%;}}@media(max-width:1024px){.elementor-2563 .elementor-element.elementor-element-03aee89{margin-top:-11%;margin-bottom:0%;padding:0% 0% 0% 0%;}.elementor-2563 .elementor-element.elementor-element-a7b9b2e{padding:50px 25px 50px 025px;}.elementor-2563 .elementor-element.elementor-element-b71e1aa > .elementor-element-populated{margin:0px 0px 0px 0px;--e-column-margin-right:0px;--e-column-margin-left:0px;}.elementor-2563 .elementor-element.elementor-element-328661a .elementor-heading-title{font-size:28px;}.elementor-2563 .elementor-element.elementor-element-6eae473 .elementor-heading-title{font-size:28px;}.elementor-2563 .elementor-element.elementor-element-d7bfa63 .elementor-heading-title{font-size:28px;}.elementor-2563 .elementor-element.elementor-element-291fc45 .elementor-heading-title{font-size:28px;}.elementor-2563 .elementor-element.elementor-element-23e73e7 .elementor-heading-title{font-size:28px;}.elementor-2563 .elementor-element.elementor-element-6c774f7 .elementor-heading-title{font-size:28px;}.elementor-2563 .elementor-element.elementor-element-2c4cc55 .elementor-heading-title{font-size:28px;}}@media(max-width:767px){.elementor-2563 .elementor-element.elementor-element-03aee89 > .elementor-container{min-height:35vh;}.elementor-2563 .elementor-element.elementor-element-03aee89{margin-top:-16%;margin-bottom:0%;padding:0% 0% 0% 0%;}.elementor-2563 .elementor-element.elementor-element-4d9e095 > .elementor-element-populated{margin:0px 0px 0px 0px;--e-column-margin-right:0px;--e-column-margin-left:0px;padding:0px 0px 0px 0px;}.elementor-2563 .elementor-element.elementor-element-662b3ca .elementor-heading-title{font-size:30px;}.elementor-2563 .elementor-element.elementor-element-662b3ca > .elementor-widget-container{margin:0px 0px 0px 0px;padding:0px 0px 50px 0px;}.elementor-2563 .elementor-element.elementor-element-a7b9b2e{padding:50px 0px 50px 0px;}.elementor-2563 .elementor-element.elementor-element-b71e1aa > .elementor-element-populated{margin:0px 15px 0px 15px;--e-column-margin-right:15px;--e-column-margin-left:15px;}.elementor-2563 .elementor-element.elementor-element-b76ec32 > .elementor-widget-container{margin:0px 0px -15px 0px;}.elementor-2563 .elementor-element.elementor-element-328661a .elementor-heading-title{font-size:20px;}.elementor-2563 .elementor-element.elementor-element-5245d30 > .elementor-widget-container{margin:0px 0px -15px 0px;}.elementor-2563 .elementor-element.elementor-element-6eae473 .elementor-heading-title{font-size:20px;}.elementor-2563 .elementor-element.elementor-element-7e8f458 > .elementor-widget-container{margin:0px 0px -15px 0px;}.elementor-2563 .elementor-element.elementor-element-d7bfa63 .elementor-heading-title{font-size:20px;}.elementor-2563 .elementor-element.elementor-element-951e62f > .elementor-widget-container{margin:0px 0px -15px 0px;}.elementor-2563 .elementor-element.elementor-element-291fc45 .elementor-heading-title{font-size:20px;}.elementor-2563 .elementor-element.elementor-element-18d2794 > .elementor-widget-container{margin:0px 0px -15px 0px;}.elementor-2563 .elementor-element.elementor-element-23e73e7 .elementor-heading-title{font-size:20px;}.elementor-2563 .elementor-element.elementor-element-c977929 > .elementor-widget-container{margin:0px 0px -15px 0px;}.elementor-2563 .elementor-element.elementor-element-6c774f7 .elementor-heading-title{font-size:20px;}.elementor-2563 .elementor-element.elementor-element-519fb0c > .elementor-widget-container{margin:0px 0px -15px 0px;}.elementor-2563 .elementor-element.elementor-element-2c4cc55 .elementor-heading-title{font-size:20px;}.elementor-2563 .elementor-element.elementor-element-660378f > .elementor-widget-container{margin:0px 0px -15px 0px;}}<\/style>\t\t<div data-elementor-type=\"wp-page\" data-elementor-id=\"2563\" class=\"elementor elementor-2563\" data-elementor-post-type=\"page\">\n\t\t\t\t\t\t<section class=\"elementor-section elementor-top-section elementor-element elementor-element-03aee89 elementor-section-content-middle elementor-section-height-min-height elementor-section-items-bottom elementor-section-boxed elementor-section-height-default\" data-id=\"03aee89\" data-element_type=\"section\" data-e-type=\"section\">\n\t\t\t\t\t\t<div class=\"elementor-container elementor-column-gap-default\">\n\t\t\t\t\t<div class=\"elementor-column elementor-col-100 elementor-top-column elementor-element elementor-element-4d9e095\" data-id=\"4d9e095\" data-element_type=\"column\" data-e-type=\"column\">\n\t\t\t<div class=\"elementor-widget-wrap elementor-element-populated\">\n\t\t\t\t\t\t<div class=\"elementor-element elementor-element-662b3ca elementor-widget elementor-widget-heading\" data-id=\"662b3ca\" data-element_type=\"widget\" data-e-type=\"widget\" data-widget_type=\"heading.default\">\n\t\t\t\t<div class=\"elementor-widget-container\">\n\t\t\t\t\t<h2 class=\"elementor-heading-title elementor-size-default\">POL\u00cdTICAS DE PRIVACIDAD<\/h2>\t\t\t\t<\/div>\n\t\t\t\t<\/div>\n\t\t\t\t\t<\/div>\n\t\t<\/div>\n\t\t\t\t\t<\/div>\n\t\t<\/section>\n\t\t\t\t<section class=\"elementor-section elementor-top-section elementor-element elementor-element-a7b9b2e elementor-reverse-tablet elementor-reverse-mobile elementor-section-boxed elementor-section-height-default elementor-section-height-default\" data-id=\"a7b9b2e\" data-element_type=\"section\" data-e-type=\"section\" data-settings=\"{&quot;background_background&quot;:&quot;classic&quot;}\">\n\t\t\t\t\t\t<div class=\"elementor-container elementor-column-gap-default\">\n\t\t\t\t\t<div class=\"elementor-column elementor-col-100 elementor-top-column elementor-element elementor-element-b71e1aa\" data-id=\"b71e1aa\" data-element_type=\"column\" data-e-type=\"column\">\n\t\t\t<div class=\"elementor-widget-wrap elementor-element-populated\">\n\t\t\t\t\t\t<div class=\"elementor-element elementor-element-b76ec32 elementor-widget elementor-widget-text-editor\" data-id=\"b76ec32\" data-element_type=\"widget\" data-e-type=\"widget\" data-widget_type=\"text-editor.default\">\n\t\t\t\t<div class=\"elementor-widget-container\">\n\t\t\t\t\t\t\t\t\t<p>El sitio web <a href=\"http:\/\/www.historytheshow.con\/\" target=\"_blank\" rel=\"noopener\">www.historytheshow.con<\/a>\u00a0es propiedad de HAPPYTUR SERVICIOS TURISTICOS, S.L.\u00a0Hemos adoptado esta Pol\u00edtica de privacidad, que determina c\u00f3mo procesamos la informaci\u00f3n recopilada por www.historytheshow.com, que tambi\u00e9n proporciona las razones por las que debemos recopilar ciertos datos personales sobre ti. Por lo tanto, debes leer esta Pol\u00edtica de privacidad antes de usar el sitio web de www.historytheshow.com<\/p><p>Cuidamos tus datos personales y nos comprometemos a garantizar su confidencialidad y seguridad.<\/p>\t\t\t\t\t\t\t\t<\/div>\n\t\t\t\t<\/div>\n\t\t\t\t<div class=\"elementor-element elementor-element-328661a elementor-widget elementor-widget-heading\" data-id=\"328661a\" data-element_type=\"widget\" data-e-type=\"widget\" data-widget_type=\"heading.default\">\n\t\t\t\t<div class=\"elementor-widget-container\">\n\t\t\t\t\t<h3 class=\"elementor-heading-title elementor-size-default\">INFORMACI\u00d3N PERSONAL QUE RECOPILAMOS<\/h3>\t\t\t\t<\/div>\n\t\t\t\t<\/div>\n\t\t\t\t<div class=\"elementor-element elementor-element-5245d30 elementor-widget elementor-widget-text-editor\" data-id=\"5245d30\" data-element_type=\"widget\" data-e-type=\"widget\" data-widget_type=\"text-editor.default\">\n\t\t\t\t<div class=\"elementor-widget-container\">\n\t\t\t\t\t\t\t\t\t<p>Cuando visitas www.historytheshow.com, recopilamos autom\u00e1ticamente cierta informaci\u00f3n sobre tu dispositivo, incluida informaci\u00f3n sobre tu navegador web, direcci\u00f3n IP, zona horaria y algunas de las cookies instaladas en tu dispositivo. Adem\u00e1s, a medida que navegas, recopilamos informaci\u00f3n sobre las p\u00e1ginas web individuales o los productos que ves, qu\u00e9 sitios web o t\u00e9rminos de b\u00fasqueda te remitieron a la web y c\u00f3mo interact\u00faas. Nos referimos a esta informaci\u00f3n recopilada autom\u00e1ticamente como \u201cInformaci\u00f3n del dispositivo\u201d. Adem\u00e1s, podemos recopilar los datos personales que nos proporcionas (incluidos, entre otros, nombre, apellido, direcci\u00f3n, informaci\u00f3n de pago, etc.) durante el registro para poder cumplir con el acuerdo.<\/p>\t\t\t\t\t\t\t\t<\/div>\n\t\t\t\t<\/div>\n\t\t\t\t<div class=\"elementor-element elementor-element-6eae473 elementor-widget elementor-widget-heading\" data-id=\"6eae473\" data-element_type=\"widget\" data-e-type=\"widget\" data-widget_type=\"heading.default\">\n\t\t\t\t<div class=\"elementor-widget-container\">\n\t\t\t\t\t<h3 class=\"elementor-heading-title elementor-size-default\">\u00bfPOR QU\u00c9 PROCESAMOS TUS DATOS?<\/h3>\t\t\t\t<\/div>\n\t\t\t\t<\/div>\n\t\t\t\t<div class=\"elementor-element elementor-element-7e8f458 elementor-widget elementor-widget-text-editor\" data-id=\"7e8f458\" data-element_type=\"widget\" data-e-type=\"widget\" data-widget_type=\"text-editor.default\">\n\t\t\t\t<div class=\"elementor-widget-container\">\n\t\t\t\t\t\t\t\t\t<p>Nuestra m\u00e1xima prioridad es la seguridad de los datos del cliente y, como tal, podemos procesar solo los datos m\u00ednimos del usuario, solo en la medida en que sea absolutamente necesario para mantener el sitio web. La informaci\u00f3n recopilada autom\u00e1ticamente se utiliza solo para identificar casos potenciales de abuso y establecer informaci\u00f3n estad\u00edstica sobre el uso del sitio web. Esta informaci\u00f3n estad\u00edstica no se agrega de tal manera que identifique a ning\u00fan usuario en particular del sistema.<\/p><p>Puedes visitar la web sin decirnos qui\u00e9n eres ni revelar ninguna informaci\u00f3n por la cual alguien pueda identificarte como una persona espec\u00edfica. Sin embargo, si deseas utilizar algunas de las funciones del sitio web, o deseas recibir nuestro bolet\u00edn informativo o proporcionar otros detalles al completar un formulario, puedes proporcionarnos datos personales, como tu correo electr\u00f3nico, nombre, apellido, ciudad de residencia, organizaci\u00f3n y n\u00famero de tel\u00e9fono. Puedes optar por no proporcionar tus datos personales, pero es posible que no puedas aprovechar algunas de las funciones del sitio web. Por ejemplo, no podr\u00e1s recibir nuestro bolet\u00edn ni contactarnos directamente desde el sitio web. Los usuarios que no est\u00e9n seguros de qu\u00e9 informaci\u00f3n es obligatoria pueden ponerse en contacto con nosotros a trav\u00e9s de info@historytheshow.com.<\/p>\t\t\t\t\t\t\t\t<\/div>\n\t\t\t\t<\/div>\n\t\t\t\t<div class=\"elementor-element elementor-element-d7bfa63 elementor-widget elementor-widget-heading\" data-id=\"d7bfa63\" data-element_type=\"widget\" data-e-type=\"widget\" data-widget_type=\"heading.default\">\n\t\t\t\t<div class=\"elementor-widget-container\">\n\t\t\t\t\t<h3 class=\"elementor-heading-title elementor-size-default\">TUS DERECHOS<\/h3>\t\t\t\t<\/div>\n\t\t\t\t<\/div>\n\t\t\t\t<div class=\"elementor-element elementor-element-951e62f elementor-widget elementor-widget-text-editor\" data-id=\"951e62f\" data-element_type=\"widget\" data-e-type=\"widget\" data-widget_type=\"text-editor.default\">\n\t\t\t\t<div class=\"elementor-widget-container\">\n\t\t\t\t\t\t\t\t\t<p>Si eres residente europeo, tienes los siguientes derechos relacionados con tus datos personales:<\/p><ul><li>El derecho a ser informado.<\/li><li>El derecho de acceso.<\/li><li>El derecho a la rectificaci\u00f3n.<\/li><li>El derecho a borrar.<\/li><li>El derecho a restringir el procesamiento.<\/li><li>El derecho a la portabilidad de datos.<\/li><li>El derecho a oponerte.<\/li><li>Derechos en relaci\u00f3n con la toma de decisiones automatizada y la elaboraci\u00f3n de perfiles.<\/li><\/ul><p>Si deseas ejercer este derecho, comun\u00edcate con nosotros a trav\u00e9s de la informaci\u00f3n de contacto a continuaci\u00f3n.<\/p><p>Adem\u00e1s, si eres residente europeo, destacamos que estamos procesando tu informaci\u00f3n para cumplir con los contratos que podr\u00edamos tener contigo (por ejemplo, si realizas un pedido a trav\u00e9s de la web), o de otra manera para seguir nuestros intereses comerciales leg\u00edtimos enumerados anteriormente. Adem\u00e1s, ten en cuenta que tu informaci\u00f3n puede transferirse fuera de Europa, incluidos Canad\u00e1 y Estados Unidos.<\/p>\t\t\t\t\t\t\t\t<\/div>\n\t\t\t\t<\/div>\n\t\t\t\t<div class=\"elementor-element elementor-element-291fc45 elementor-widget elementor-widget-heading\" data-id=\"291fc45\" data-element_type=\"widget\" data-e-type=\"widget\" data-widget_type=\"heading.default\">\n\t\t\t\t<div class=\"elementor-widget-container\">\n\t\t\t\t\t<h3 class=\"elementor-heading-title elementor-size-default\">ENLACES A OTROS SITIOS WEB<\/h3>\t\t\t\t<\/div>\n\t\t\t\t<\/div>\n\t\t\t\t<div class=\"elementor-element elementor-element-18d2794 elementor-widget elementor-widget-text-editor\" data-id=\"18d2794\" data-element_type=\"widget\" data-e-type=\"widget\" data-widget_type=\"text-editor.default\">\n\t\t\t\t<div class=\"elementor-widget-container\">\n\t\t\t\t\t\t\t\t\t<p>Nuestra web puede contener enlaces a otros sitios web que no son de nuestra propiedad ni est\u00e1n controlados por nosotros. Ten en cuenta que no somos responsables de dichos sitios web ni de las pr\u00e1cticas de privacidad de terceros. Te recomendamos que est\u00e9s atento cuando abandones nuestro sitio web y leas las declaraciones de privacidad de cada web que pueda recopilar informaci\u00f3n personal.<\/p>\t\t\t\t\t\t\t\t<\/div>\n\t\t\t\t<\/div>\n\t\t\t\t<div class=\"elementor-element elementor-element-23e73e7 elementor-widget elementor-widget-heading\" data-id=\"23e73e7\" data-element_type=\"widget\" data-e-type=\"widget\" data-widget_type=\"heading.default\">\n\t\t\t\t<div class=\"elementor-widget-container\">\n\t\t\t\t\t<h3 class=\"elementor-heading-title elementor-size-default\">SEGURIDAD DE LA INFORMACI\u00d3N<\/h3>\t\t\t\t<\/div>\n\t\t\t\t<\/div>\n\t\t\t\t<div class=\"elementor-element elementor-element-c977929 elementor-widget elementor-widget-text-editor\" data-id=\"c977929\" data-element_type=\"widget\" data-e-type=\"widget\" data-widget_type=\"text-editor.default\">\n\t\t\t\t<div class=\"elementor-widget-container\">\n\t\t\t\t\t\t\t\t\t<p>Aseguramos la informaci\u00f3n que proporcionas en servidores inform\u00e1ticos en un entorno controlado y seguro, protegido del acceso, uso o divulgaci\u00f3n no autorizados. Mantenemos medidas de seguridad administrativas, t\u00e9cnicas y f\u00edsicas razonables para proteger contra el acceso no autorizado, el uso, la modificaci\u00f3n y la divulgaci\u00f3n de datos personales bajo su control y custodia. Sin embargo, no se puede garantizar la transmisi\u00f3n de datos a trav\u00e9s de Internet o redes inal\u00e1mbricas.<\/p>\t\t\t\t\t\t\t\t<\/div>\n\t\t\t\t<\/div>\n\t\t\t\t<div class=\"elementor-element elementor-element-6c774f7 elementor-widget elementor-widget-heading\" data-id=\"6c774f7\" data-element_type=\"widget\" data-e-type=\"widget\" data-widget_type=\"heading.default\">\n\t\t\t\t<div class=\"elementor-widget-container\">\n\t\t\t\t\t<h3 class=\"elementor-heading-title elementor-size-default\">DIVULGACI\u00d3N LEGAL<\/h3>\t\t\t\t<\/div>\n\t\t\t\t<\/div>\n\t\t\t\t<div class=\"elementor-element elementor-element-519fb0c elementor-widget elementor-widget-text-editor\" data-id=\"519fb0c\" data-element_type=\"widget\" data-e-type=\"widget\" data-widget_type=\"text-editor.default\">\n\t\t\t\t<div class=\"elementor-widget-container\">\n\t\t\t\t\t\t\t\t\t<p>Divulgaremos cualquier informaci\u00f3n que recopilemos, usemos o recibamos si as\u00ed lo requiere o lo permite la ley, como para cumplir con una citaci\u00f3n o un proceso legal similar, y cuando creemos de buena fe que la divulgaci\u00f3n es necesaria para proteger nuestros derechos, proteger tu seguridad o la seguridad de los dem\u00e1s, investigar el fraude o responder a una solicitud del gobierno.<\/p>\t\t\t\t\t\t\t\t<\/div>\n\t\t\t\t<\/div>\n\t\t\t\t<div class=\"elementor-element elementor-element-2c4cc55 elementor-widget elementor-widget-heading\" data-id=\"2c4cc55\" data-element_type=\"widget\" data-e-type=\"widget\" data-widget_type=\"heading.default\">\n\t\t\t\t<div class=\"elementor-widget-container\">\n\t\t\t\t\t<h3 class=\"elementor-heading-title elementor-size-default\">INFORMACI\u00d3N DE CONTACTO<\/h3>\t\t\t\t<\/div>\n\t\t\t\t<\/div>\n\t\t\t\t<div class=\"elementor-element elementor-element-660378f elementor-widget elementor-widget-text-editor\" data-id=\"660378f\" data-element_type=\"widget\" data-e-type=\"widget\" data-widget_type=\"text-editor.default\">\n\t\t\t\t<div class=\"elementor-widget-container\">\n\t\t\t\t\t\t\t\t\t<p>Si deseas comunicarte con nosotros para comprender m\u00e1s sobre esta Pol\u00edtica o deseas comunicarte con nosotros en relaci\u00f3n con cualquier asunto sobre los derechos individuales y tu informaci\u00f3n personal, puedes enviarnos un correo electr\u00f3nico a info@historytheshow.com.<\/p>\t\t\t\t\t\t\t\t<\/div>\n\t\t\t\t<\/div>\n\t\t\t\t\t<\/div>\n\t\t<\/div>\n\t\t\t\t\t<\/div>\n\t\t<\/section>\n\t\t\t\t<\/div>","protected":false},"excerpt":{"rendered":"<p>POL\u00cdTICAS DE PRIVACIDAD El sitio web www.historytheshow.con\u00a0es propiedad de HAPPYTUR SERVICIOS TURISTICOS, S.L.\u00a0Hemos adoptado esta Pol\u00edtica de privacidad, que determina [&hellip;]<\/p>\n","protected":false},"author":2,"featured_media":0,"parent":0,"menu_order":0,"comment_status":"closed","ping_status":"closed","template":"","meta":{"_eb_attr":"","site-sidebar-layout":"no-sidebar","site-content-layout":"","ast-site-content-layout":"full-width-container","site-content-style":"default","site-sidebar-style":"default","ast-global-header-display":"","ast-banner-title-visibility":"","ast-main-header-display":"","ast-hfb-above-header-display":"","ast-hfb-below-header-display":"","ast-hfb-mobile-header-display":"","site-post-title":"disabled","ast-breadcrumbs-content":"","ast-featured-img":"disabled","footer-sml-layout":"","ast-disable-related-posts":"","theme-transparent-header-meta":"","adv-header-id-meta":"","stick-header-meta":"","header-above-stick-meta":"","header-main-stick-meta":"","header-below-stick-meta":"","astra-migrate-meta-layouts":"default","ast-page-background-enabled":"default","ast-page-background-meta":{"desktop":{"background-color":"var(--ast-global-color-5)","background-image":"","background-repeat":"repeat","background-position":"center center","background-size":"auto","background-attachment":"scroll","background-type":"","background-media":"","overlay-type":"","overlay-color":"","overlay-opacity":"","overlay-gradient":""},"tablet":{"background-color":"","background-image":"","background-repeat":"repeat","background-position":"center center","background-size":"auto","background-attachment":"scroll","background-type":"","background-media":"","overlay-type":"","overlay-color":"","overlay-opacity":"","overlay-gradient":""},"mobile":{"background-color":"","background-image":"","background-repeat":"repeat","background-position":"center center","background-size":"auto","background-attachment":"scroll","background-type":"","background-media":"","overlay-type":"","overlay-color":"","overlay-opacity":"","overlay-gradient":""}},"ast-content-background-meta":{"desktop":{"background-color":"var(--ast-global-color-4)","background-image":"","background-repeat":"repeat","background-position":"center center","background-size":"auto","background-attachment":"scroll","background-type":"","background-media":"","overlay-type":"","overlay-color":"","overlay-opacity":"","overlay-gradient":""},"tablet":{"background-color":"var(--ast-global-color-4)","background-image":"","background-repeat":"repeat","background-position":"center center","background-size":"auto","background-attachment":"scroll","background-type":"","background-media":"","overlay-type":"","overlay-color":"","overlay-opacity":"","overlay-gradient":""},"mobile":{"background-color":"var(--ast-global-color-4)","background-image":"","background-repeat":"repeat","background-position":"center center","background-size":"auto","background-attachment":"scroll","background-type":"","background-media":"","overlay-type":"","overlay-color":"","overlay-opacity":"","overlay-gradient":""}},"footnotes":""},"class_list":["post-2563","page","type-page","status-publish","hentry"],"_links":{"self":[{"href":"https:\/\/historytheshow.com\/it\/wp-json\/wp\/v2\/pages\/2563","targetHints":{"allow":["GET"]}}],"collection":[{"href":"https:\/\/historytheshow.com\/it\/wp-json\/wp\/v2\/pages"}],"about":[{"href":"https:\/\/historytheshow.com\/it\/wp-json\/wp\/v2\/types\/page"}],"author":[{"embeddable":true,"href":"https:\/\/historytheshow.com\/it\/wp-json\/wp\/v2\/users\/2"}],"replies":[{"embeddable":true,"href":"https:\/\/historytheshow.com\/it\/wp-json\/wp\/v2\/comments?post=2563"}],"version-history":[{"count":10,"href":"https:\/\/historytheshow.com\/it\/wp-json\/wp\/v2\/pages\/2563\/revisions"}],"predecessor-version":[{"id":4090,"href":"https:\/\/historytheshow.com\/it\/wp-json\/wp\/v2\/pages\/2563\/revisions\/4090"}],"wp:attachment":[{"href":"https:\/\/historytheshow.com\/it\/wp-json\/wp\/v2\/media?parent=2563"}],"curies":[{"name":"wp","href":"https:\/\/api.w.org\/{rel}","templated":true}]}}