{"id":2563,"date":"2025-06-04T13:35:41","date_gmt":"2025-06-04T13:35:41","guid":{"rendered":"https:\/\/happytur.org\/?page_id=2563"},"modified":"2026-04-01T15:05:05","modified_gmt":"2026-04-01T15:05:05","slug":"politicas-history-2","status":"publish","type":"page","link":"https:\/\/historytheshow.com\/pt\/politicas-history-2\/","title":{"rendered":"POL\u00cdTICAS HISTORY"},"content":{"rendered":"<style>.elementor-2563 .elementor-element.elementor-element-03aee89 > .elementor-container{max-width:1200px;min-height:40vh;}.elementor-2563 .elementor-element.elementor-element-03aee89 > .elementor-container > .elementor-column > .elementor-widget-wrap{align-content:center;align-items:center;}.elementor-2563 .elementor-element.elementor-element-03aee89{margin-top:-8%;margin-bottom:0%;padding:0px 0px 0px 0px;}.elementor-2563 .elementor-element.elementor-element-662b3ca{text-align:center;}.elementor-2563 .elementor-element.elementor-element-662b3ca .elementor-heading-title{font-family:\"Montserrat\", Sans-serif;font-size:45px;color:var( --e-global-color-primary );}.elementor-2563 .elementor-element.elementor-element-662b3ca > .elementor-widget-container{padding:0px 0px 50px 0px;}.elementor-2563 .elementor-element.elementor-element-a7b9b2e > .elementor-container{max-width:1200px;}.elementor-2563 .elementor-element.elementor-element-a7b9b2e:not(.elementor-motion-effects-element-type-background), .elementor-2563 .elementor-element.elementor-element-a7b9b2e > .elementor-motion-effects-container > .elementor-motion-effects-layer{background-color:var( --e-global-color-secondary );}.elementor-2563 .elementor-element.elementor-element-a7b9b2e{border-style:solid;border-width:01px 0px 01px 0px;border-color:var( --e-global-color-85f149d );transition:background 0.3s, border 0.3s, border-radius 0.3s, box-shadow 0.3s;padding:50px 0px 50px 0px;}.elementor-2563 .elementor-element.elementor-element-a7b9b2e > .elementor-background-overlay{transition:background 0.3s, border-radius 0.3s, opacity 0.3s;}.elementor-2563 .elementor-element.elementor-element-b71e1aa > .elementor-element-populated{margin:0px 10px 0px 0px;--e-column-margin-right:10px;--e-column-margin-left:0px;}.elementor-2563 .elementor-element.elementor-element-b76ec32{text-align:justify;font-family:\"Montserrat\", Sans-serif;color:var( --e-global-color-text );}.elementor-2563 .elementor-element.elementor-element-b76ec32 > .elementor-widget-container{margin:0px 0px 0px 0px;padding:0px 0px 0px 0px;}.elementor-2563 .elementor-element.elementor-element-328661a .elementor-heading-title{font-family:\"Montserrat\", Sans-serif;font-size:30px;font-weight:600;color:var( --e-global-color-text );}.elementor-2563 .elementor-element.elementor-element-5245d30{text-align:justify;font-family:\"Montserrat\", Sans-serif;color:var( --e-global-color-text );}.elementor-2563 .elementor-element.elementor-element-5245d30 > .elementor-widget-container{margin:0px 0px 0px 0px;padding:0px 0px 0px 0px;}.elementor-2563 .elementor-element.elementor-element-6eae473 .elementor-heading-title{font-family:\"Montserrat\", Sans-serif;font-size:30px;font-weight:600;color:var( --e-global-color-text );}.elementor-2563 .elementor-element.elementor-element-7e8f458{text-align:justify;font-family:\"Montserrat\", Sans-serif;color:var( --e-global-color-text );}.elementor-2563 .elementor-element.elementor-element-7e8f458 > .elementor-widget-container{margin:0px 0px 0px 0px;padding:0px 0px 0px 0px;}.elementor-2563 .elementor-element.elementor-element-d7bfa63 .elementor-heading-title{font-family:\"Montserrat\", Sans-serif;font-size:30px;font-weight:600;color:var( --e-global-color-text );}.elementor-2563 .elementor-element.elementor-element-951e62f{text-align:justify;font-family:\"Montserrat\", Sans-serif;color:var( --e-global-color-text );}.elementor-2563 .elementor-element.elementor-element-951e62f > .elementor-widget-container{margin:0px 0px 0px 0px;padding:0px 0px 0px 0px;}.elementor-2563 .elementor-element.elementor-element-291fc45 .elementor-heading-title{font-family:\"Montserrat\", Sans-serif;font-size:30px;font-weight:600;color:var( --e-global-color-text );}.elementor-2563 .elementor-element.elementor-element-18d2794{text-align:justify;font-family:\"Montserrat\", Sans-serif;color:var( --e-global-color-text );}.elementor-2563 .elementor-element.elementor-element-18d2794 > .elementor-widget-container{margin:0px 0px 0px 0px;padding:0px 0px 0px 0px;}.elementor-2563 .elementor-element.elementor-element-23e73e7 .elementor-heading-title{font-family:\"Montserrat\", Sans-serif;font-size:30px;font-weight:600;color:var( --e-global-color-text );}.elementor-2563 .elementor-element.elementor-element-c977929{text-align:justify;font-family:\"Montserrat\", Sans-serif;color:var( --e-global-color-text );}.elementor-2563 .elementor-element.elementor-element-c977929 > .elementor-widget-container{margin:0px 0px 0px 0px;padding:0px 0px 0px 0px;}.elementor-2563 .elementor-element.elementor-element-6c774f7 .elementor-heading-title{font-family:\"Montserrat\", Sans-serif;font-size:30px;font-weight:600;color:var( --e-global-color-text );}.elementor-2563 .elementor-element.elementor-element-519fb0c{text-align:justify;font-family:\"Montserrat\", Sans-serif;color:var( --e-global-color-text );}.elementor-2563 .elementor-element.elementor-element-519fb0c > .elementor-widget-container{margin:0px 0px 0px 0px;padding:0px 0px 0px 0px;}.elementor-2563 .elementor-element.elementor-element-2c4cc55 .elementor-heading-title{font-family:\"Montserrat\", Sans-serif;font-size:30px;font-weight:600;color:var( --e-global-color-text );}.elementor-2563 .elementor-element.elementor-element-660378f{text-align:justify;font-family:\"Montserrat\", Sans-serif;color:var( --e-global-color-text );}.elementor-2563 .elementor-element.elementor-element-660378f > .elementor-widget-container{margin:0px 0px 0px 0px;padding:0px 0px 0px 0px;}:root{--page-title-display:none;}@media(max-width:1024px) and (min-width:768px){.elementor-2563 .elementor-element.elementor-element-b71e1aa{width:100%;}}@media(max-width:1024px){.elementor-2563 .elementor-element.elementor-element-03aee89{margin-top:-11%;margin-bottom:0%;padding:0% 0% 0% 0%;}.elementor-2563 .elementor-element.elementor-element-a7b9b2e{padding:50px 25px 50px 025px;}.elementor-2563 .elementor-element.elementor-element-b71e1aa > .elementor-element-populated{margin:0px 0px 0px 0px;--e-column-margin-right:0px;--e-column-margin-left:0px;}.elementor-2563 .elementor-element.elementor-element-328661a .elementor-heading-title{font-size:28px;}.elementor-2563 .elementor-element.elementor-element-6eae473 .elementor-heading-title{font-size:28px;}.elementor-2563 .elementor-element.elementor-element-d7bfa63 .elementor-heading-title{font-size:28px;}.elementor-2563 .elementor-element.elementor-element-291fc45 .elementor-heading-title{font-size:28px;}.elementor-2563 .elementor-element.elementor-element-23e73e7 .elementor-heading-title{font-size:28px;}.elementor-2563 .elementor-element.elementor-element-6c774f7 .elementor-heading-title{font-size:28px;}.elementor-2563 .elementor-element.elementor-element-2c4cc55 .elementor-heading-title{font-size:28px;}}@media(max-width:767px){.elementor-2563 .elementor-element.elementor-element-03aee89 > .elementor-container{min-height:35vh;}.elementor-2563 .elementor-element.elementor-element-03aee89{margin-top:-16%;margin-bottom:0%;padding:0% 0% 0% 0%;}.elementor-2563 .elementor-element.elementor-element-4d9e095 > .elementor-element-populated{margin:0px 0px 0px 0px;--e-column-margin-right:0px;--e-column-margin-left:0px;padding:0px 0px 0px 0px;}.elementor-2563 .elementor-element.elementor-element-662b3ca .elementor-heading-title{font-size:30px;}.elementor-2563 .elementor-element.elementor-element-662b3ca > .elementor-widget-container{margin:0px 0px 0px 0px;padding:0px 0px 50px 0px;}.elementor-2563 .elementor-element.elementor-element-a7b9b2e{padding:50px 0px 50px 0px;}.elementor-2563 .elementor-element.elementor-element-b71e1aa > .elementor-element-populated{margin:0px 15px 0px 15px;--e-column-margin-right:15px;--e-column-margin-left:15px;}.elementor-2563 .elementor-element.elementor-element-b76ec32 > .elementor-widget-container{margin:0px 0px -15px 0px;}.elementor-2563 .elementor-element.elementor-element-328661a .elementor-heading-title{font-size:20px;}.elementor-2563 .elementor-element.elementor-element-5245d30 > .elementor-widget-container{margin:0px 0px -15px 0px;}.elementor-2563 .elementor-element.elementor-element-6eae473 .elementor-heading-title{font-size:20px;}.elementor-2563 .elementor-element.elementor-element-7e8f458 > .elementor-widget-container{margin:0px 0px -15px 0px;}.elementor-2563 .elementor-element.elementor-element-d7bfa63 .elementor-heading-title{font-size:20px;}.elementor-2563 .elementor-element.elementor-element-951e62f > .elementor-widget-container{margin:0px 0px -15px 0px;}.elementor-2563 .elementor-element.elementor-element-291fc45 .elementor-heading-title{font-size:20px;}.elementor-2563 .elementor-element.elementor-element-18d2794 > .elementor-widget-container{margin:0px 0px -15px 0px;}.elementor-2563 .elementor-element.elementor-element-23e73e7 .elementor-heading-title{font-size:20px;}.elementor-2563 .elementor-element.elementor-element-c977929 > .elementor-widget-container{margin:0px 0px -15px 0px;}.elementor-2563 .elementor-element.elementor-element-6c774f7 .elementor-heading-title{font-size:20px;}.elementor-2563 .elementor-element.elementor-element-519fb0c > .elementor-widget-container{margin:0px 0px -15px 0px;}.elementor-2563 .elementor-element.elementor-element-2c4cc55 .elementor-heading-title{font-size:20px;}.elementor-2563 .elementor-element.elementor-element-660378f > .elementor-widget-container{margin:0px 0px -15px 0px;}}<\/style>\t\t<div data-elementor-type=\"wp-page\" data-elementor-id=\"2563\" class=\"elementor elementor-2563\" data-elementor-post-type=\"page\">\n\t\t\t\t\t\t<section class=\"elementor-section elementor-top-section elementor-element elementor-element-03aee89 elementor-section-content-middle elementor-section-height-min-height elementor-section-items-bottom elementor-section-boxed elementor-section-height-default\" data-id=\"03aee89\" data-element_type=\"section\" data-e-type=\"section\">\n\t\t\t\t\t\t<div class=\"elementor-container elementor-column-gap-default\">\n\t\t\t\t\t<div class=\"elementor-column elementor-col-100 elementor-top-column elementor-element elementor-element-4d9e095\" data-id=\"4d9e095\" data-element_type=\"column\" data-e-type=\"column\">\n\t\t\t<div class=\"elementor-widget-wrap elementor-element-populated\">\n\t\t\t\t\t\t<div class=\"elementor-element elementor-element-662b3ca elementor-widget elementor-widget-heading\" data-id=\"662b3ca\" data-element_type=\"widget\" data-e-type=\"widget\" data-widget_type=\"heading.default\">\n\t\t\t\t<div class=\"elementor-widget-container\">\n\t\t\t\t\t<h2 class=\"elementor-heading-title elementor-size-default\">POL\u00cdTICAS DE PRIVACIDAD<\/h2>\t\t\t\t<\/div>\n\t\t\t\t<\/div>\n\t\t\t\t\t<\/div>\n\t\t<\/div>\n\t\t\t\t\t<\/div>\n\t\t<\/section>\n\t\t\t\t<section class=\"elementor-section elementor-top-section elementor-element elementor-element-a7b9b2e elementor-reverse-tablet elementor-reverse-mobile elementor-section-boxed elementor-section-height-default elementor-section-height-default\" data-id=\"a7b9b2e\" data-element_type=\"section\" data-e-type=\"section\" data-settings=\"{&quot;background_background&quot;:&quot;classic&quot;}\">\n\t\t\t\t\t\t<div class=\"elementor-container elementor-column-gap-default\">\n\t\t\t\t\t<div class=\"elementor-column elementor-col-100 elementor-top-column elementor-element elementor-element-b71e1aa\" data-id=\"b71e1aa\" data-element_type=\"column\" data-e-type=\"column\">\n\t\t\t<div class=\"elementor-widget-wrap elementor-element-populated\">\n\t\t\t\t\t\t<div class=\"elementor-element elementor-element-b76ec32 elementor-widget elementor-widget-text-editor\" data-id=\"b76ec32\" data-element_type=\"widget\" data-e-type=\"widget\" data-widget_type=\"text-editor.default\">\n\t\t\t\t<div class=\"elementor-widget-container\">\n\t\t\t\t\t\t\t\t\t<p>O s\u00edtio Web <a href=\"http:\/\/www.historytheshow.con\/\" target=\"_blank\" rel=\"noopener\">www.historytheshow.con<\/a>\u00a0es propiedad de HAPPYTUR SERVICIOS TURISTICOS, S.L.\u00a0Hemos adoptado esta Pol\u00edtica de privacidad, que determina c\u00f3mo procesamos la informaci\u00f3n recopilada por www.historytheshow.com, que tambi\u00e9n proporciona las razones por las que debemos recopilar ciertos datos personales sobre ti. Por lo tanto, debes leer esta Pol\u00edtica de privacidad antes de usar el sitio web de www.historytheshow.com<\/p><p>Cuidamos dos seus dados pessoais e comprometemo-nos a garantir a sua confidencialidade e seguran\u00e7a.<\/p>\t\t\t\t\t\t\t\t<\/div>\n\t\t\t\t<\/div>\n\t\t\t\t<div class=\"elementor-element elementor-element-328661a elementor-widget elementor-widget-heading\" data-id=\"328661a\" data-element_type=\"widget\" data-e-type=\"widget\" data-widget_type=\"heading.default\">\n\t\t\t\t<div class=\"elementor-widget-container\">\n\t\t\t\t\t<h3 class=\"elementor-heading-title elementor-size-default\">INFORMACI\u00d3N PERSONAL QUE RECOPILAMOS<\/h3>\t\t\t\t<\/div>\n\t\t\t\t<\/div>\n\t\t\t\t<div class=\"elementor-element elementor-element-5245d30 elementor-widget elementor-widget-text-editor\" data-id=\"5245d30\" data-element_type=\"widget\" data-e-type=\"widget\" data-widget_type=\"text-editor.default\">\n\t\t\t\t<div class=\"elementor-widget-container\">\n\t\t\t\t\t\t\t\t\t<p>Cuando visitas www.historytheshow.com, recopilamos autom\u00e1ticamente cierta informaci\u00f3n sobre tu dispositivo, incluida informaci\u00f3n sobre tu navegador web, direcci\u00f3n IP, zona horaria y algunas de las cookies instaladas en tu dispositivo. Adem\u00e1s, a medida que navegas, recopilamos informaci\u00f3n sobre las p\u00e1ginas web individuales o los productos que ves, qu\u00e9 sitios web o t\u00e9rminos de b\u00fasqueda te remitieron a la web y c\u00f3mo interact\u00faas. Nos referimos a esta informaci\u00f3n recopilada autom\u00e1ticamente como \u201cInformaci\u00f3n del dispositivo\u201d. Adem\u00e1s, podemos recopilar los datos personales que nos proporcionas (incluidos, entre otros, nombre, apellido, direcci\u00f3n, informaci\u00f3n de pago, etc.) durante el registro para poder cumplir con el acuerdo.<\/p>\t\t\t\t\t\t\t\t<\/div>\n\t\t\t\t<\/div>\n\t\t\t\t<div class=\"elementor-element elementor-element-6eae473 elementor-widget elementor-widget-heading\" data-id=\"6eae473\" data-element_type=\"widget\" data-e-type=\"widget\" data-widget_type=\"heading.default\">\n\t\t\t\t<div class=\"elementor-widget-container\">\n\t\t\t\t\t<h3 class=\"elementor-heading-title elementor-size-default\">\u00bfPOR QU\u00c9 PROCESAMOS TUS DATOS?<\/h3>\t\t\t\t<\/div>\n\t\t\t\t<\/div>\n\t\t\t\t<div class=\"elementor-element elementor-element-7e8f458 elementor-widget elementor-widget-text-editor\" data-id=\"7e8f458\" data-element_type=\"widget\" data-e-type=\"widget\" data-widget_type=\"text-editor.default\">\n\t\t\t\t<div class=\"elementor-widget-container\">\n\t\t\t\t\t\t\t\t\t<p>A nossa principal prioridade \u00e9 a seguran\u00e7a dos dados dos clientes e, como tal, s\u00f3 podemos processar dados m\u00ednimos do utilizador, apenas na medida do absolutamente necess\u00e1rio para manter o s\u00edtio Web. As informa\u00e7\u00f5es recolhidas automaticamente s\u00e3o utilizadas apenas para identificar potenciais casos de abuso e para estabelecer informa\u00e7\u00f5es estat\u00edsticas sobre a utiliza\u00e7\u00e3o do s\u00edtio Web. Estas informa\u00e7\u00f5es estat\u00edsticas n\u00e3o s\u00e3o agregadas de forma a identificar qualquer utilizador espec\u00edfico do sistema.<\/p><p>O utilizador pode visitar o s\u00edtio Web sem nos dizer quem \u00e9 ou revelar qualquer informa\u00e7\u00e3o que permita identific\u00e1-lo como uma pessoa espec\u00edfica. No entanto, se pretender utilizar algumas das funcionalidades do s\u00edtio Web, ou se pretender receber a nossa newsletter ou fornecer outros dados atrav\u00e9s do preenchimento de um formul\u00e1rio, poder\u00e1 fornecer-nos informa\u00e7\u00f5es pessoais, tais como o seu endere\u00e7o de correio eletr\u00f3nico, nome pr\u00f3prio, apelido, cidade de resid\u00eancia, organiza\u00e7\u00e3o e n\u00famero de telefone. O utilizador pode optar por n\u00e3o fornecer os seus dados pessoais, mas poder\u00e1 n\u00e3o conseguir tirar partido de algumas das funcionalidades do s\u00edtio Web. Por exemplo, n\u00e3o poder\u00e1 receber a nossa newsletter ou contactar-nos diretamente a partir do s\u00edtio Web. Os utilizadores que n\u00e3o tenham a certeza de quais as informa\u00e7\u00f5es necess\u00e1rias podem contactar-nos atrav\u00e9s do endere\u00e7o info@historytheshow.com.<\/p>\t\t\t\t\t\t\t\t<\/div>\n\t\t\t\t<\/div>\n\t\t\t\t<div class=\"elementor-element elementor-element-d7bfa63 elementor-widget elementor-widget-heading\" data-id=\"d7bfa63\" data-element_type=\"widget\" data-e-type=\"widget\" data-widget_type=\"heading.default\">\n\t\t\t\t<div class=\"elementor-widget-container\">\n\t\t\t\t\t<h3 class=\"elementor-heading-title elementor-size-default\">TUS DERECHOS<\/h3>\t\t\t\t<\/div>\n\t\t\t\t<\/div>\n\t\t\t\t<div class=\"elementor-element elementor-element-951e62f elementor-widget elementor-widget-text-editor\" data-id=\"951e62f\" data-element_type=\"widget\" data-e-type=\"widget\" data-widget_type=\"text-editor.default\">\n\t\t\t\t<div class=\"elementor-widget-container\">\n\t\t\t\t\t\t\t\t\t<p>Se \u00e9 um residente europeu, tem os seguintes direitos em rela\u00e7\u00e3o aos seus dados pessoais:<\/p><ul><li>O direito de ser informado.<\/li><li>O direito de acesso.<\/li><li>O direito de retifica\u00e7\u00e3o.<\/li><li>O direito de apagar.<\/li><li>O direito de restringir a a\u00e7\u00e3o penal.<\/li><li>O direito \u00e0 portabilidade dos dados.<\/li><li>O direito de oposi\u00e7\u00e3o.<\/li><li>Direitos em rela\u00e7\u00e3o \u00e0 tomada de decis\u00f5es automatizada e \u00e0 defini\u00e7\u00e3o de perfis.<\/li><\/ul><p>Se pretender exercer este direito, contacte-nos utilizando as informa\u00e7\u00f5es de contacto abaixo.<\/p><p>Al\u00e9m disso, se o utilizador for residente na Europa, informamos que estamos a processar as suas informa\u00e7\u00f5es para cumprir quaisquer contratos que possamos ter com o utilizador (por exemplo, se fizer uma encomenda atrav\u00e9s do S\u00edtio), ou para prosseguir os nossos interesses comerciais leg\u00edtimos acima referidos. Para al\u00e9m disso, note que as suas informa\u00e7\u00f5es podem ser transferidas para fora da Europa, incluindo o Canad\u00e1 e os Estados Unidos.<\/p>\t\t\t\t\t\t\t\t<\/div>\n\t\t\t\t<\/div>\n\t\t\t\t<div class=\"elementor-element elementor-element-291fc45 elementor-widget elementor-widget-heading\" data-id=\"291fc45\" data-element_type=\"widget\" data-e-type=\"widget\" data-widget_type=\"heading.default\">\n\t\t\t\t<div class=\"elementor-widget-container\">\n\t\t\t\t\t<h3 class=\"elementor-heading-title elementor-size-default\">ENLACES A OTROS SITIOS WEB<\/h3>\t\t\t\t<\/div>\n\t\t\t\t<\/div>\n\t\t\t\t<div class=\"elementor-element elementor-element-18d2794 elementor-widget elementor-widget-text-editor\" data-id=\"18d2794\" data-element_type=\"widget\" data-e-type=\"widget\" data-widget_type=\"text-editor.default\">\n\t\t\t\t<div class=\"elementor-widget-container\">\n\t\t\t\t\t\t\t\t\t<p>O nosso s\u00edtio Web pode conter liga\u00e7\u00f5es a outros s\u00edtios Web que n\u00e3o s\u00e3o detidos ou controlados por n\u00f3s. Tenha em aten\u00e7\u00e3o que n\u00e3o somos respons\u00e1veis pelas pr\u00e1ticas de privacidade ou pelas pr\u00e1ticas de privacidade desses outros s\u00edtios Web. Aconselhamo-lo a estar atento quando sair do nosso s\u00edtio e a ler as declara\u00e7\u00f5es de privacidade de todos os s\u00edtios Web que possam recolher informa\u00e7\u00f5es de identifica\u00e7\u00e3o pessoal.<\/p>\t\t\t\t\t\t\t\t<\/div>\n\t\t\t\t<\/div>\n\t\t\t\t<div class=\"elementor-element elementor-element-23e73e7 elementor-widget elementor-widget-heading\" data-id=\"23e73e7\" data-element_type=\"widget\" data-e-type=\"widget\" data-widget_type=\"heading.default\">\n\t\t\t\t<div class=\"elementor-widget-container\">\n\t\t\t\t\t<h3 class=\"elementor-heading-title elementor-size-default\">SEGURIDAD DE LA INFORMACI\u00d3N<\/h3>\t\t\t\t<\/div>\n\t\t\t\t<\/div>\n\t\t\t\t<div class=\"elementor-element elementor-element-c977929 elementor-widget elementor-widget-text-editor\" data-id=\"c977929\" data-element_type=\"widget\" data-e-type=\"widget\" data-widget_type=\"text-editor.default\">\n\t\t\t\t<div class=\"elementor-widget-container\">\n\t\t\t\t\t\t\t\t\t<p>Asseguramos as informa\u00e7\u00f5es fornecidas pelo utilizador em servidores inform\u00e1ticos num ambiente controlado e seguro, protegido contra o acesso, a utiliza\u00e7\u00e3o ou a divulga\u00e7\u00e3o n\u00e3o autorizados. Mantemos salvaguardas administrativas, t\u00e9cnicas e f\u00edsicas razo\u00e1veis para proteger contra o acesso n\u00e3o autorizado, a utiliza\u00e7\u00e3o, a altera\u00e7\u00e3o e a divulga\u00e7\u00e3o de dados pessoais sob o seu controlo e cust\u00f3dia. No entanto, a transmiss\u00e3o de dados atrav\u00e9s da Internet ou de redes sem fios n\u00e3o pode ser garantida.<\/p>\t\t\t\t\t\t\t\t<\/div>\n\t\t\t\t<\/div>\n\t\t\t\t<div class=\"elementor-element elementor-element-6c774f7 elementor-widget elementor-widget-heading\" data-id=\"6c774f7\" data-element_type=\"widget\" data-e-type=\"widget\" data-widget_type=\"heading.default\">\n\t\t\t\t<div class=\"elementor-widget-container\">\n\t\t\t\t\t<h3 class=\"elementor-heading-title elementor-size-default\">DIVULGACI\u00d3N LEGAL<\/h3>\t\t\t\t<\/div>\n\t\t\t\t<\/div>\n\t\t\t\t<div class=\"elementor-element elementor-element-519fb0c elementor-widget elementor-widget-text-editor\" data-id=\"519fb0c\" data-element_type=\"widget\" data-e-type=\"widget\" data-widget_type=\"text-editor.default\">\n\t\t\t\t<div class=\"elementor-widget-container\">\n\t\t\t\t\t\t\t\t\t<p>Divulgaremos quaisquer informa\u00e7\u00f5es que recolhemos, utilizamos ou recebemos se tal for exigido ou permitido por lei, como, por exemplo, para cumprir uma intima\u00e7\u00e3o ou um processo legal semelhante, e quando acreditamos de boa f\u00e9 que a divulga\u00e7\u00e3o \u00e9 necess\u00e1ria para proteger os nossos direitos, proteger a sua seguran\u00e7a ou a seguran\u00e7a de terceiros, investigar fraudes ou responder a um pedido do governo.<\/p>\t\t\t\t\t\t\t\t<\/div>\n\t\t\t\t<\/div>\n\t\t\t\t<div class=\"elementor-element elementor-element-2c4cc55 elementor-widget elementor-widget-heading\" data-id=\"2c4cc55\" data-element_type=\"widget\" data-e-type=\"widget\" data-widget_type=\"heading.default\">\n\t\t\t\t<div class=\"elementor-widget-container\">\n\t\t\t\t\t<h3 class=\"elementor-heading-title elementor-size-default\">INFORMACI\u00d3N DE CONTACTO<\/h3>\t\t\t\t<\/div>\n\t\t\t\t<\/div>\n\t\t\t\t<div class=\"elementor-element elementor-element-660378f elementor-widget elementor-widget-text-editor\" data-id=\"660378f\" data-element_type=\"widget\" data-e-type=\"widget\" data-widget_type=\"text-editor.default\">\n\t\t\t\t<div class=\"elementor-widget-container\">\n\t\t\t\t\t\t\t\t\t<p>Se pretender contactar-nos para saber mais sobre esta Pol\u00edtica ou se pretender comunicar connosco relativamente a quaisquer quest\u00f5es sobre direitos individuais e as suas informa\u00e7\u00f5es pessoais, pode enviar-nos um e-mail para info@historytheshow.com.<\/p>\t\t\t\t\t\t\t\t<\/div>\n\t\t\t\t<\/div>\n\t\t\t\t\t<\/div>\n\t\t<\/div>\n\t\t\t\t\t<\/div>\n\t\t<\/section>\n\t\t\t\t<\/div>","protected":false},"excerpt":{"rendered":"<p>POL\u00cdTICAS DE PRIVACIDAD El sitio web www.historytheshow.con\u00a0es propiedad de HAPPYTUR SERVICIOS TURISTICOS, S.L.\u00a0Hemos adoptado esta Pol\u00edtica de privacidad, que determina [&hellip;]<\/p>\n","protected":false},"author":2,"featured_media":0,"parent":0,"menu_order":0,"comment_status":"closed","ping_status":"closed","template":"","meta":{"_eb_attr":"","site-sidebar-layout":"no-sidebar","site-content-layout":"","ast-site-content-layout":"full-width-container","site-content-style":"default","site-sidebar-style":"default","ast-global-header-display":"","ast-banner-title-visibility":"","ast-main-header-display":"","ast-hfb-above-header-display":"","ast-hfb-below-header-display":"","ast-hfb-mobile-header-display":"","site-post-title":"disabled","ast-breadcrumbs-content":"","ast-featured-img":"disabled","footer-sml-layout":"","ast-disable-related-posts":"","theme-transparent-header-meta":"","adv-header-id-meta":"","stick-header-meta":"","header-above-stick-meta":"","header-main-stick-meta":"","header-below-stick-meta":"","astra-migrate-meta-layouts":"default","ast-page-background-enabled":"default","ast-page-background-meta":{"desktop":{"background-color":"var(--ast-global-color-5)","background-image":"","background-repeat":"repeat","background-position":"center center","background-size":"auto","background-attachment":"scroll","background-type":"","background-media":"","overlay-type":"","overlay-color":"","overlay-opacity":"","overlay-gradient":""},"tablet":{"background-color":"","background-image":"","background-repeat":"repeat","background-position":"center center","background-size":"auto","background-attachment":"scroll","background-type":"","background-media":"","overlay-type":"","overlay-color":"","overlay-opacity":"","overlay-gradient":""},"mobile":{"background-color":"","background-image":"","background-repeat":"repeat","background-position":"center center","background-size":"auto","background-attachment":"scroll","background-type":"","background-media":"","overlay-type":"","overlay-color":"","overlay-opacity":"","overlay-gradient":""}},"ast-content-background-meta":{"desktop":{"background-color":"var(--ast-global-color-4)","background-image":"","background-repeat":"repeat","background-position":"center center","background-size":"auto","background-attachment":"scroll","background-type":"","background-media":"","overlay-type":"","overlay-color":"","overlay-opacity":"","overlay-gradient":""},"tablet":{"background-color":"var(--ast-global-color-4)","background-image":"","background-repeat":"repeat","background-position":"center center","background-size":"auto","background-attachment":"scroll","background-type":"","background-media":"","overlay-type":"","overlay-color":"","overlay-opacity":"","overlay-gradient":""},"mobile":{"background-color":"var(--ast-global-color-4)","background-image":"","background-repeat":"repeat","background-position":"center center","background-size":"auto","background-attachment":"scroll","background-type":"","background-media":"","overlay-type":"","overlay-color":"","overlay-opacity":"","overlay-gradient":""}},"footnotes":""},"class_list":["post-2563","page","type-page","status-publish","hentry"],"_links":{"self":[{"href":"https:\/\/historytheshow.com\/pt\/wp-json\/wp\/v2\/pages\/2563","targetHints":{"allow":["GET"]}}],"collection":[{"href":"https:\/\/historytheshow.com\/pt\/wp-json\/wp\/v2\/pages"}],"about":[{"href":"https:\/\/historytheshow.com\/pt\/wp-json\/wp\/v2\/types\/page"}],"author":[{"embeddable":true,"href":"https:\/\/historytheshow.com\/pt\/wp-json\/wp\/v2\/users\/2"}],"replies":[{"embeddable":true,"href":"https:\/\/historytheshow.com\/pt\/wp-json\/wp\/v2\/comments?post=2563"}],"version-history":[{"count":10,"href":"https:\/\/historytheshow.com\/pt\/wp-json\/wp\/v2\/pages\/2563\/revisions"}],"predecessor-version":[{"id":4090,"href":"https:\/\/historytheshow.com\/pt\/wp-json\/wp\/v2\/pages\/2563\/revisions\/4090"}],"wp:attachment":[{"href":"https:\/\/historytheshow.com\/pt\/wp-json\/wp\/v2\/media?parent=2563"}],"curies":[{"name":"wp","href":"https:\/\/api.w.org\/{rel}","templated":true}]}}